  {"id":27216,"date":"2024-06-07T15:01:34","date_gmt":"2024-06-07T13:01:34","guid":{"rendered":"https:\/\/we.uni.opole.pl\/faculty-authorities\/"},"modified":"2026-03-13T08:20:23","modified_gmt":"2026-03-13T07:20:23","slug":"faculty-authorities","status":"publish","type":"page","link":"https:\/\/we.uni.opole.pl\/en\/faculty-authorities\/","title":{"rendered":"Faculty authorities"},"content":{"rendered":"\t\t<div data-elementor-type=\"wp-page\" data-elementor-id=\"27216\" class=\"elementor elementor-27216 elementor-6717\" data-elementor-post-type=\"page\">\n\t\t\t\t<div class=\"elementor-element elementor-element-1728219a e-flex e-con-boxed e-con e-parent\" data-id=\"1728219a\" data-element_type=\"container\" data-e-type=\"container\" data-settings=\"{&quot;jet_parallax_layout_list&quot;:[]}\">\n\t\t\t\t\t<div class=\"e-con-inner\">\n\t\t\t\t<div class=\"elementor-element elementor-element-596f3104 elementor-widget elementor-widget-heading\" data-id=\"596f3104\" data-element_type=\"widget\" data-e-type=\"widget\" data-widget_type=\"heading.default\">\n\t\t\t\t<div class=\"elementor-widget-container\">\n\t\t\t\t\t<h1 class=\"elementor-heading-title elementor-size-default\">Faculty authorities<\/h1>\t\t\t\t<\/div>\n\t\t\t\t<\/div>\n\t\t\t\t\t<\/div>\n\t\t\t\t<\/div>\n\t\t<div class=\"elementor-element elementor-element-53b352ad e-flex e-con-boxed e-con e-parent\" data-id=\"53b352ad\" data-element_type=\"container\" data-e-type=\"container\" data-settings=\"{&quot;jet_parallax_layout_list&quot;:[]}\">\n\t\t\t\t\t<div class=\"e-con-inner\">\n\t\t<div class=\"elementor-element elementor-element-2698217 e-flex e-con-boxed e-con e-child\" data-id=\"2698217\" data-element_type=\"container\" data-e-type=\"container\" data-settings=\"{&quot;background_background&quot;:&quot;classic&quot;,&quot;jet_parallax_layout_list&quot;:[]}\">\n\t\t\t\t\t<div class=\"e-con-inner\">\n\t\t<div class=\"elementor-element elementor-element-1118d4e4 e-con-full e-flex e-con e-child\" data-id=\"1118d4e4\" data-element_type=\"container\" data-e-type=\"container\" data-settings=\"{&quot;jet_parallax_layout_list&quot;:[],&quot;background_background&quot;:&quot;classic&quot;}\">\n\t\t\t\t<div class=\"elementor-element elementor-element-11ecce10 elementor-widget elementor-widget-image\" data-id=\"11ecce10\" data-element_type=\"widget\" data-e-type=\"widget\" data-widget_type=\"image.default\">\n\t\t\t\t<div class=\"elementor-widget-container\">\n\t\t\t\t\t\t\t\t\t\t\t\t\t\t\t<img fetchpriority=\"high\" decoding=\"async\" src=\"https:\/\/we.uni.opole.pl\/wp-content\/uploads\/sites\/78\/elementor\/thumbs\/B.Chorkowy-qvj9ai437lcetwvgo4q6m69hy6qlbelshwlqmodigo.webp\" alt=\"B.Chorkowy\" title=\"B.Chorkowy\" width=\"300\" height=\"300\" \/>\t\t\t\t\t\t\t\t\t\t\t\t\t\t\t<\/div>\n\t\t\t\t<\/div>\n\t\t\t\t<\/div>\n\t\t<div class=\"elementor-element elementor-element-424f6a11 e-con-full e-flex e-con e-child\" data-id=\"424f6a11\" data-element_type=\"container\" data-e-type=\"container\" data-settings=\"{&quot;jet_parallax_layout_list&quot;:[]}\">\n\t\t\t\t<div class=\"elementor-element elementor-element-14f2166f elementor-widget elementor-widget-text-editor\" data-id=\"14f2166f\" data-element_type=\"widget\" data-e-type=\"widget\" data-widget_type=\"text-editor.default\">\n\t\t\t\t<div class=\"elementor-widget-container\">\n\t\t\t\t\t\t\t\t\t<p>dr Bartosz Chorkowy<\/p>\t\t\t\t\t\t\t\t<\/div>\n\t\t\t\t<\/div>\n\t\t\t\t<div class=\"elementor-element elementor-element-1129a3d7 elementor-widget elementor-widget-text-editor\" data-id=\"1129a3d7\" data-element_type=\"widget\" data-e-type=\"widget\" data-widget_type=\"text-editor.default\">\n\t\t\t\t<div class=\"elementor-widget-container\">\n\t\t\t\t\t\t\t\t\t<p><strong>Dean<\/strong><\/p>\t\t\t\t\t\t\t\t<\/div>\n\t\t\t\t<\/div>\n\t\t<div class=\"elementor-element elementor-element-3747f856 e-con-full e-flex e-con e-child\" data-id=\"3747f856\" data-element_type=\"container\" data-e-type=\"container\" data-settings=\"{&quot;jet_parallax_layout_list&quot;:[]}\">\n\t\t<div class=\"elementor-element elementor-element-1e42b22d e-con-full e-flex e-con e-child\" data-id=\"1e42b22d\" data-element_type=\"container\" data-e-type=\"container\" data-settings=\"{&quot;position&quot;:&quot;absolute&quot;,&quot;jet_parallax_layout_list&quot;:[]}\">\n\t\t\t\t<div class=\"elementor-element elementor-element-2ec15353 elementor-widget elementor-widget-text-editor\" data-id=\"2ec15353\" data-element_type=\"widget\" data-e-type=\"widget\" data-widget_type=\"text-editor.default\">\n\t\t\t\t<div class=\"elementor-widget-container\">\n\t\t\t\t\t\t\t\t\t<p><img decoding=\"async\" class=\"alignnone wp-image-4924\" src=\"https:\/\/instytut-dev.uni.opole.pl\/wp-content\/uploads\/sites\/7\/icon-phone.svg\" alt=\"\" width=\"18\" height=\"18\">  +48 77 40 16 893<\/p><p><img decoding=\"async\" class=\"alignnone wp-image-4924\" src=\"https:\/\/instytut-dev.uni.opole.pl\/wp-content\/uploads\/sites\/7\/icon-phone.svg\" alt=\"\" width=\"18\" height=\"18\"> +48 77 410 16 910<br><img decoding=\"async\" class=\"alignnone wp-image-4922\" src=\"https:\/\/instytut-dev.uni.opole.pl\/wp-content\/uploads\/sites\/7\/icon-email.svg\" alt=\"\" width=\"18\" height=\"13\"> <a href=\"mailto:bchorkowy@uni.opole.pl\">bchorkowy@uni.opole.pl<\/a><\/p><p><img loading=\"lazy\" decoding=\"async\" class=\"alignnone wp-image-4929\" src=\"https:\/\/instytut-dev.uni.opole.pl\/wp-content\/uploads\/sites\/7\/icon-home.svg\" alt=\"\" width=\"18\" height=\"16\"> Opole, ul. Ozimska 46a, room  37<\/p>\t\t\t\t\t\t\t\t<\/div>\n\t\t\t\t<\/div>\n\t\t\t\t<\/div>\n\t\t\t\t<\/div>\n\t\t\t\t<\/div>\n\t\t<div class=\"elementor-element elementor-element-3982ec27 e-con-full e-flex e-con e-child\" data-id=\"3982ec27\" data-element_type=\"container\" data-e-type=\"container\" data-settings=\"{&quot;jet_parallax_layout_list&quot;:[],&quot;background_background&quot;:&quot;classic&quot;}\">\n\t\t<div class=\"elementor-element elementor-element-223d7a60 e-con-full e-flex e-con e-child\" data-id=\"223d7a60\" data-element_type=\"container\" data-e-type=\"container\" data-settings=\"{&quot;background_background&quot;:&quot;classic&quot;,&quot;jet_parallax_layout_list&quot;:[]}\">\n\t\t\t\t<div class=\"elementor-element elementor-element-1621c66a elementor-widget elementor-widget-text-editor\" data-id=\"1621c66a\" data-element_type=\"widget\" data-e-type=\"widget\" data-widget_type=\"text-editor.default\">\n\t\t\t\t<div class=\"elementor-widget-container\">\n\t\t\t\t\t\t\t\t\t<p><strong><img loading=\"lazy\" decoding=\"async\" class=\"alignnone wp-image-5147\" src=\"https:\/\/instytut-dev.uni.opole.pl\/wp-content\/uploads\/sites\/7\/icon-clock.svg\" alt=\"\" width=\"13\" height=\"13\"> Office hours<\/strong><\/p>\t\t\t\t\t\t\t\t<\/div>\n\t\t\t\t<\/div>\n\t\t<div class=\"elementor-element elementor-element-cde10b2 e-grid e-con-boxed e-con e-child\" data-id=\"cde10b2\" data-element_type=\"container\" data-e-type=\"container\" data-settings=\"{&quot;jet_parallax_layout_list&quot;:[]}\">\n\t\t\t\t\t<div class=\"e-con-inner\">\n\t\t\t\t<div class=\"elementor-element elementor-element-7d8169e2 elementor-widget elementor-widget-text-editor\" data-id=\"7d8169e2\" data-element_type=\"widget\" data-e-type=\"widget\" data-widget_type=\"text-editor.default\">\n\t\t\t\t<div class=\"elementor-widget-container\">\n\t\t\t\t\t\t\t\t\t<p><strong>Monday<\/strong><\/p>\t\t\t\t\t\t\t\t<\/div>\n\t\t\t\t<\/div>\n\t\t\t\t<div class=\"elementor-element elementor-element-446a0803 elementor-widget elementor-widget-text-editor\" data-id=\"446a0803\" data-element_type=\"widget\" data-e-type=\"widget\" data-widget_type=\"text-editor.default\">\n\t\t\t\t<div class=\"elementor-widget-container\">\n\t\t\t\t\t\t\t\t\t<p>.<\/p>\t\t\t\t\t\t\t\t<\/div>\n\t\t\t\t<\/div>\n\t\t\t\t<div class=\"elementor-element elementor-element-7895f7d3 elementor-widget elementor-widget-text-editor\" data-id=\"7895f7d3\" data-element_type=\"widget\" data-e-type=\"widget\" data-widget_type=\"text-editor.default\">\n\t\t\t\t<div class=\"elementor-widget-container\">\n\t\t\t\t\t\t\t\t\t<p><strong>Tuesday<\/strong><\/p>\t\t\t\t\t\t\t\t<\/div>\n\t\t\t\t<\/div>\n\t\t\t\t<div class=\"elementor-element elementor-element-26e3be5b elementor-widget elementor-widget-text-editor\" data-id=\"26e3be5b\" data-element_type=\"widget\" data-e-type=\"widget\" data-widget_type=\"text-editor.default\">\n\t\t\t\t<div class=\"elementor-widget-container\">\n\t\t\t\t\t\t\t\t\t<p>10:30 &#8211; 11:15<\/p>\t\t\t\t\t\t\t\t<\/div>\n\t\t\t\t<\/div>\n\t\t\t\t<div class=\"elementor-element elementor-element-3d8f937e elementor-widget elementor-widget-text-editor\" data-id=\"3d8f937e\" data-element_type=\"widget\" data-e-type=\"widget\" data-widget_type=\"text-editor.default\">\n\t\t\t\t<div class=\"elementor-widget-container\">\n\t\t\t\t\t\t\t\t\t<p><strong>Wednesday<\/strong><\/p>\t\t\t\t\t\t\t\t<\/div>\n\t\t\t\t<\/div>\n\t\t\t\t<div class=\"elementor-element elementor-element-44cfef11 elementor-widget elementor-widget-text-editor\" data-id=\"44cfef11\" data-element_type=\"widget\" data-e-type=\"widget\" data-widget_type=\"text-editor.default\">\n\t\t\t\t<div class=\"elementor-widget-container\">\n\t\t\t\t\t\t\t\t\t<p>14:30 &#8211; 15:15<\/p>\t\t\t\t\t\t\t\t<\/div>\n\t\t\t\t<\/div>\n\t\t\t\t<div class=\"elementor-element elementor-element-2b9cb834 elementor-widget elementor-widget-text-editor\" data-id=\"2b9cb834\" data-element_type=\"widget\" data-e-type=\"widget\" data-widget_type=\"text-editor.default\">\n\t\t\t\t<div class=\"elementor-widget-container\">\n\t\t\t\t\t\t\t\t\t<p><strong>Thursday<\/strong><\/p>\t\t\t\t\t\t\t\t<\/div>\n\t\t\t\t<\/div>\n\t\t\t\t<div class=\"elementor-element elementor-element-50b0536a elementor-widget elementor-widget-text-editor\" data-id=\"50b0536a\" data-element_type=\"widget\" data-e-type=\"widget\" data-widget_type=\"text-editor.default\">\n\t\t\t\t<div class=\"elementor-widget-container\">\n\t\t\t\t\t\t\t\t\t<p>.<\/p>\t\t\t\t\t\t\t\t<\/div>\n\t\t\t\t<\/div>\n\t\t\t\t<div class=\"elementor-element elementor-element-3e9cc41b elementor-widget elementor-widget-text-editor\" data-id=\"3e9cc41b\" data-element_type=\"widget\" data-e-type=\"widget\" data-widget_type=\"text-editor.default\">\n\t\t\t\t<div class=\"elementor-widget-container\">\n\t\t\t\t\t\t\t\t\t<p><strong>Friday<\/strong><\/p>\t\t\t\t\t\t\t\t<\/div>\n\t\t\t\t<\/div>\n\t\t\t\t<div class=\"elementor-element elementor-element-4adab800 elementor-widget elementor-widget-text-editor\" data-id=\"4adab800\" data-element_type=\"widget\" data-e-type=\"widget\" data-widget_type=\"text-editor.default\">\n\t\t\t\t<div class=\"elementor-widget-container\">\n\t\t\t\t\t\t\t\t\t<p>.<\/p>\t\t\t\t\t\t\t\t<\/div>\n\t\t\t\t<\/div>\n\t\t\t\t\t<\/div>\n\t\t\t\t<\/div>\n\t\t\t\t<\/div>\n\t\t\t\t<\/div>\n\t\t\t\t\t<\/div>\n\t\t\t\t<\/div>\n\t\t\t\t\t<\/div>\n\t\t\t\t<\/div>\n\t\t<div class=\"elementor-element elementor-element-2df7be14 e-flex e-con-boxed e-con e-parent\" data-id=\"2df7be14\" data-element_type=\"container\" data-e-type=\"container\" data-settings=\"{&quot;jet_parallax_layout_list&quot;:[]}\">\n\t\t\t\t\t<div class=\"e-con-inner\">\n\t\t<div class=\"elementor-element elementor-element-13a55e8 e-flex e-con-boxed e-con e-child\" data-id=\"13a55e8\" data-element_type=\"container\" data-e-type=\"container\" data-settings=\"{&quot;jet_parallax_layout_list&quot;:[]}\">\n\t\t\t\t\t<div class=\"e-con-inner\">\n\t\t\t\t\t<\/div>\n\t\t\t\t<\/div>\n\t\t\t\t\t<\/div>\n\t\t\t\t<\/div>\n\t\t<div class=\"elementor-element elementor-element-24c4a3 e-flex e-con-boxed e-con e-parent\" data-id=\"24c4a3\" data-element_type=\"container\" data-e-type=\"container\" data-settings=\"{&quot;jet_parallax_layout_list&quot;:[]}\">\n\t\t\t\t\t<div class=\"e-con-inner\">\n\t\t<div class=\"elementor-element elementor-element-68827f3 e-flex e-con-boxed e-con e-child\" data-id=\"68827f3\" data-element_type=\"container\" data-e-type=\"container\" data-settings=\"{&quot;background_background&quot;:&quot;classic&quot;,&quot;jet_parallax_layout_list&quot;:[]}\">\n\t\t\t\t\t<div class=\"e-con-inner\">\n\t\t<div class=\"elementor-element elementor-element-77e5869a e-con-full e-flex e-con e-child\" data-id=\"77e5869a\" data-element_type=\"container\" data-e-type=\"container\" data-settings=\"{&quot;jet_parallax_layout_list&quot;:[],&quot;background_background&quot;:&quot;classic&quot;}\">\n\t\t\t\t<div class=\"elementor-element elementor-element-15d43065 elementor-widget elementor-widget-image\" data-id=\"15d43065\" data-element_type=\"widget\" data-e-type=\"widget\" data-widget_type=\"image.default\">\n\t\t\t\t<div class=\"elementor-widget-container\">\n\t\t\t\t\t\t\t\t\t\t\t\t\t\t\t<img loading=\"lazy\" decoding=\"async\" src=\"https:\/\/we.uni.opole.pl\/wp-content\/uploads\/sites\/78\/elementor\/thumbs\/M.Krasucka-qvj9aw7o23vpo2azdstl5kpeuyt3iv5rjue0ttslvc.webp\" alt=\"M.Krasucka\" title=\"M.Krasucka\" width=\"300\" height=\"300\" \/>\t\t\t\t\t\t\t\t\t\t\t\t\t\t\t<\/div>\n\t\t\t\t<\/div>\n\t\t\t\t<\/div>\n\t\t<div class=\"elementor-element elementor-element-16f250ce e-con-full e-flex e-con e-child\" data-id=\"16f250ce\" data-element_type=\"container\" data-e-type=\"container\" data-settings=\"{&quot;jet_parallax_layout_list&quot;:[]}\">\n\t\t\t\t<div class=\"elementor-element elementor-element-3f3042c4 elementor-widget elementor-widget-text-editor\" data-id=\"3f3042c4\" data-element_type=\"widget\" data-e-type=\"widget\" data-widget_type=\"text-editor.default\">\n\t\t\t\t<div class=\"elementor-widget-container\">\n\t\t\t\t\t\t\t\t\t<p>dr Maja Krasucka<\/p>\t\t\t\t\t\t\t\t<\/div>\n\t\t\t\t<\/div>\n\t\t\t\t<div class=\"elementor-element elementor-element-282cde90 elementor-widget elementor-widget-text-editor\" data-id=\"282cde90\" data-element_type=\"widget\" data-e-type=\"widget\" data-widget_type=\"text-editor.default\">\n\t\t\t\t<div class=\"elementor-widget-container\">\n\t\t\t\t\t\t\t\t\t<p><strong>Vice-Dean<br><\/strong><\/p>\t\t\t\t\t\t\t\t<\/div>\n\t\t\t\t<\/div>\n\t\t<div class=\"elementor-element elementor-element-575ce353 e-con-full e-flex e-con e-child\" data-id=\"575ce353\" data-element_type=\"container\" data-e-type=\"container\" data-settings=\"{&quot;jet_parallax_layout_list&quot;:[]}\">\n\t\t<div class=\"elementor-element elementor-element-7a6b9bbf e-con-full e-flex e-con e-child\" data-id=\"7a6b9bbf\" data-element_type=\"container\" data-e-type=\"container\" data-settings=\"{&quot;position&quot;:&quot;absolute&quot;,&quot;jet_parallax_layout_list&quot;:[]}\">\n\t\t\t\t<div class=\"elementor-element elementor-element-52763f24 elementor-widget elementor-widget-text-editor\" data-id=\"52763f24\" data-element_type=\"widget\" data-e-type=\"widget\" data-widget_type=\"text-editor.default\">\n\t\t\t\t<div class=\"elementor-widget-container\">\n\t\t\t\t\t\t\t\t\t<p><img decoding=\"async\" class=\"alignnone wp-image-4924\" src=\"https:\/\/instytut-dev.uni.opole.pl\/wp-content\/uploads\/sites\/7\/icon-phone.svg\" alt=\"\" width=\"18\" height=\"18\"> +48 77 <span data-teams=\"true\">401 68 71<\/span><br><img decoding=\"async\" class=\"alignnone wp-image-4922\" src=\"https:\/\/instytut-dev.uni.opole.pl\/wp-content\/uploads\/sites\/7\/icon-email.svg\" alt=\"\" width=\"18\" height=\"13\"> <a href=\"mailto:mkrasucka@uni.opole.pl\">mkrasucka@uni.opole.pl<\/a><\/p><p><img loading=\"lazy\" decoding=\"async\" class=\"alignnone wp-image-4929\" src=\"https:\/\/instytut-dev.uni.opole.pl\/wp-content\/uploads\/sites\/7\/icon-home.svg\" alt=\"\" width=\"18\" height=\"16\"> Opole, ul. Ozimska 46a, room. 21  21<\/p>\t\t\t\t\t\t\t\t<\/div>\n\t\t\t\t<\/div>\n\t\t\t\t<\/div>\n\t\t\t\t<\/div>\n\t\t\t\t<\/div>\n\t\t<div class=\"elementor-element elementor-element-2811364f e-con-full e-flex e-con e-child\" data-id=\"2811364f\" data-element_type=\"container\" data-e-type=\"container\" data-settings=\"{&quot;jet_parallax_layout_list&quot;:[],&quot;background_background&quot;:&quot;classic&quot;}\">\n\t\t<div class=\"elementor-element elementor-element-6b414aed e-con-full e-flex e-con e-child\" data-id=\"6b414aed\" data-element_type=\"container\" data-e-type=\"container\" data-settings=\"{&quot;background_background&quot;:&quot;classic&quot;,&quot;jet_parallax_layout_list&quot;:[]}\">\n\t\t\t\t<div class=\"elementor-element elementor-element-6d0b67d7 elementor-widget elementor-widget-text-editor\" data-id=\"6d0b67d7\" data-element_type=\"widget\" data-e-type=\"widget\" data-widget_type=\"text-editor.default\">\n\t\t\t\t<div class=\"elementor-widget-container\">\n\t\t\t\t\t\t\t\t\t<p><strong><img loading=\"lazy\" decoding=\"async\" class=\"alignnone wp-image-5147\" src=\"https:\/\/instytut-dev.uni.opole.pl\/wp-content\/uploads\/sites\/7\/icon-clock.svg\" alt=\"\" width=\"13\" height=\"13\"> Office hours<\/strong><\/p>\t\t\t\t\t\t\t\t<\/div>\n\t\t\t\t<\/div>\n\t\t<div class=\"elementor-element elementor-element-7a432db9 e-grid e-con-boxed e-con e-child\" data-id=\"7a432db9\" data-element_type=\"container\" data-e-type=\"container\" data-settings=\"{&quot;jet_parallax_layout_list&quot;:[]}\">\n\t\t\t\t\t<div class=\"e-con-inner\">\n\t\t\t\t<div class=\"elementor-element elementor-element-5eb819b9 elementor-widget elementor-widget-text-editor\" data-id=\"5eb819b9\" data-element_type=\"widget\" data-e-type=\"widget\" data-widget_type=\"text-editor.default\">\n\t\t\t\t<div class=\"elementor-widget-container\">\n\t\t\t\t\t\t\t\t\t<p><strong>Monday<\/strong><\/p>\t\t\t\t\t\t\t\t<\/div>\n\t\t\t\t<\/div>\n\t\t\t\t<div class=\"elementor-element elementor-element-6806a6c4 elementor-widget elementor-widget-text-editor\" data-id=\"6806a6c4\" data-element_type=\"widget\" data-e-type=\"widget\" data-widget_type=\"text-editor.default\">\n\t\t\t\t<div class=\"elementor-widget-container\">\n\t\t\t\t\t\t\t\t\t<p><span style=\"color: #ffffff\">.<\/span><\/p>\t\t\t\t\t\t\t\t<\/div>\n\t\t\t\t<\/div>\n\t\t\t\t<div class=\"elementor-element elementor-element-4f12b36f elementor-widget elementor-widget-text-editor\" data-id=\"4f12b36f\" data-element_type=\"widget\" data-e-type=\"widget\" data-widget_type=\"text-editor.default\">\n\t\t\t\t<div class=\"elementor-widget-container\">\n\t\t\t\t\t\t\t\t\t<p><strong>Tuesday<\/strong><\/p>\t\t\t\t\t\t\t\t<\/div>\n\t\t\t\t<\/div>\n\t\t\t\t<div class=\"elementor-element elementor-element-f0fabe6 elementor-widget elementor-widget-text-editor\" data-id=\"f0fabe6\" data-element_type=\"widget\" data-e-type=\"widget\" data-widget_type=\"text-editor.default\">\n\t\t\t\t<div class=\"elementor-widget-container\">\n\t\t\t\t\t\t\t\t\t<p><span style=\"color: #000000\">09.30 &#8211; 10.15<\/span><\/p>\t\t\t\t\t\t\t\t<\/div>\n\t\t\t\t<\/div>\n\t\t\t\t<div class=\"elementor-element elementor-element-6443ece9 elementor-widget elementor-widget-text-editor\" data-id=\"6443ece9\" data-element_type=\"widget\" data-e-type=\"widget\" data-widget_type=\"text-editor.default\">\n\t\t\t\t<div class=\"elementor-widget-container\">\n\t\t\t\t\t\t\t\t\t<p><strong>Wednesday<\/strong><\/p>\t\t\t\t\t\t\t\t<\/div>\n\t\t\t\t<\/div>\n\t\t\t\t<div class=\"elementor-element elementor-element-5ac30c7e elementor-widget elementor-widget-text-editor\" data-id=\"5ac30c7e\" data-element_type=\"widget\" data-e-type=\"widget\" data-widget_type=\"text-editor.default\">\n\t\t\t\t<div class=\"elementor-widget-container\">\n\t\t\t\t\t\t\t\t\t<p><span style=\"color: #ffffff\">.<\/span><\/p>\t\t\t\t\t\t\t\t<\/div>\n\t\t\t\t<\/div>\n\t\t\t\t<div class=\"elementor-element elementor-element-ba59fcd elementor-widget elementor-widget-text-editor\" data-id=\"ba59fcd\" data-element_type=\"widget\" data-e-type=\"widget\" data-widget_type=\"text-editor.default\">\n\t\t\t\t<div class=\"elementor-widget-container\">\n\t\t\t\t\t\t\t\t\t<p><strong>Thursday<\/strong><\/p>\t\t\t\t\t\t\t\t<\/div>\n\t\t\t\t<\/div>\n\t\t\t\t<div class=\"elementor-element elementor-element-7c5320f6 elementor-widget elementor-widget-text-editor\" data-id=\"7c5320f6\" data-element_type=\"widget\" data-e-type=\"widget\" data-widget_type=\"text-editor.default\">\n\t\t\t\t<div class=\"elementor-widget-container\">\n\t\t\t\t\t\t\t\t\t<p>13:00 &#8211; 13.45<\/p>\t\t\t\t\t\t\t\t<\/div>\n\t\t\t\t<\/div>\n\t\t\t\t<div class=\"elementor-element elementor-element-1bd65348 elementor-widget elementor-widget-text-editor\" data-id=\"1bd65348\" data-element_type=\"widget\" data-e-type=\"widget\" data-widget_type=\"text-editor.default\">\n\t\t\t\t<div class=\"elementor-widget-container\">\n\t\t\t\t\t\t\t\t\t<p><strong>Friday<\/strong><\/p>\t\t\t\t\t\t\t\t<\/div>\n\t\t\t\t<\/div>\n\t\t\t\t\t<\/div>\n\t\t\t\t<\/div>\n\t\t\t\t<\/div>\n\t\t\t\t<\/div>\n\t\t\t\t\t<\/div>\n\t\t\t\t<\/div>\n\t\t\t\t\t<\/div>\n\t\t\t\t<\/div>\n\t\t\t\t<\/div>\n\t\t","protected":false},"excerpt":{"rendered":"<p>W\u0142adze Wydzia\u0142u dr Bartosz Chorkowy Dziekan \u00a0 +48 77 40 16 893 \u00a0 +48 77 410 16 910 \u00a0 bchorkowy@uni.opole.pl \u00a0 Opole, ul. Ozimska 46a, pok. 37 \u00a0 Godziny przyj\u0119\u0107 Poniedzia\u0142ek . Wtorek 10:30 &#8211; 11:15 \u015aroda 14:30 &#8211; 15:15 Czwartek . Pi\u0105tek . dr Maja Krasucka Zast\u0119pca dziekana \u00a0 +48 77 401 68 71 [&hellip;]<\/p>\n","protected":false},"author":5,"featured_media":0,"parent":0,"menu_order":0,"comment_status":"closed","ping_status":"closed","template":"","meta":{"footnotes":""},"class_list":["post-27216","page","type-page","status-publish","hentry"],"_links":{"self":[{"href":"https:\/\/we.uni.opole.pl\/en\/wp-json\/wp\/v2\/pages\/27216","targetHints":{"allow":["GET"]}}],"collection":[{"href":"https:\/\/we.uni.opole.pl\/en\/wp-json\/wp\/v2\/pages"}],"about":[{"href":"https:\/\/we.uni.opole.pl\/en\/wp-json\/wp\/v2\/types\/page"}],"author":[{"embeddable":true,"href":"https:\/\/we.uni.opole.pl\/en\/wp-json\/wp\/v2\/users\/5"}],"replies":[{"embeddable":true,"href":"https:\/\/we.uni.opole.pl\/en\/wp-json\/wp\/v2\/comments?post=27216"}],"version-history":[{"count":3,"href":"https:\/\/we.uni.opole.pl\/en\/wp-json\/wp\/v2\/pages\/27216\/revisions"}],"predecessor-version":[{"id":27219,"href":"https:\/\/we.uni.opole.pl\/en\/wp-json\/wp\/v2\/pages\/27216\/revisions\/27219"}],"wp:attachment":[{"href":"https:\/\/we.uni.opole.pl\/en\/wp-json\/wp\/v2\/media?parent=27216"}],"curies":[{"name":"wp","href":"https:\/\/api.w.org\/{rel}","templated":true}]}}